{"id":239,"date":"2023-02-10T15:58:50","date_gmt":"2023-02-10T15:58:50","guid":{"rendered":"https:\/\/aum-experts.de\/wordpress\/?page_id=239"},"modified":"2024-01-26T16:18:24","modified_gmt":"2024-01-26T16:18:24","slug":"impressum","status":"publish","type":"page","link":"https:\/\/www.aum-experts.de\/index.php\/impressum\/","title":{"rendered":"Impressum"},"content":{"rendered":"\t\t<div data-elementor-type=\"wp-page\" data-elementor-id=\"239\" class=\"elementor elementor-239\">\n\t\t\t\t\t\t<section class=\"elementor-section elementor-top-section elementor-element elementor-element-8d768a1 elementor-section-stretched elementor-section-boxed elementor-section-height-default elementor-section-height-default\" data-id=\"8d768a1\" data-element_type=\"section\" data-e-type=\"section\" data-settings=\"{&quot;stretch_section&quot;:&quot;section-stretched&quot;,&quot;background_background&quot;:&quot;classic&quot;}\">\n\t\t\t\t\t\t<div class=\"elementor-container elementor-column-gap-default\">\n\t\t\t\t\t<div class=\"elementor-column elementor-col-50 elementor-top-column elementor-element elementor-element-27701ba\" data-id=\"27701ba\" data-element_type=\"column\" data-e-type=\"column\">\n\t\t\t<div class=\"elementor-widget-wrap elementor-element-populated\">\n\t\t\t\t\t\t<div class=\"elementor-element elementor-element-b448860 elementor-widget elementor-widget-site-logo\" data-id=\"b448860\" data-element_type=\"widget\" data-e-type=\"widget\" data-settings=\"{&quot;align&quot;:&quot;left&quot;,&quot;width&quot;:{&quot;unit&quot;:&quot;%&quot;,&quot;size&quot;:&quot;&quot;,&quot;sizes&quot;:[]},&quot;width_tablet&quot;:{&quot;unit&quot;:&quot;%&quot;,&quot;size&quot;:&quot;&quot;,&quot;sizes&quot;:[]},&quot;width_mobile&quot;:{&quot;unit&quot;:&quot;%&quot;,&quot;size&quot;:&quot;&quot;,&quot;sizes&quot;:[]},&quot;space&quot;:{&quot;unit&quot;:&quot;%&quot;,&quot;size&quot;:&quot;&quot;,&quot;sizes&quot;:[]},&quot;space_tablet&quot;:{&quot;unit&quot;:&quot;%&quot;,&quot;size&quot;:&quot;&quot;,&quot;sizes&quot;:[]},&quot;space_mobile&quot;:{&quot;unit&quot;:&quot;%&quot;,&quot;size&quot;:&quot;&quot;,&quot;sizes&quot;:[]},&quot;image_border_radius&quot;:{&quot;unit&quot;:&quot;px&quot;,&quot;top&quot;:&quot;&quot;,&quot;right&quot;:&quot;&quot;,&quot;bottom&quot;:&quot;&quot;,&quot;left&quot;:&quot;&quot;,&quot;isLinked&quot;:true},&quot;image_border_radius_tablet&quot;:{&quot;unit&quot;:&quot;px&quot;,&quot;top&quot;:&quot;&quot;,&quot;right&quot;:&quot;&quot;,&quot;bottom&quot;:&quot;&quot;,&quot;left&quot;:&quot;&quot;,&quot;isLinked&quot;:true},&quot;image_border_radius_mobile&quot;:{&quot;unit&quot;:&quot;px&quot;,&quot;top&quot;:&quot;&quot;,&quot;right&quot;:&quot;&quot;,&quot;bottom&quot;:&quot;&quot;,&quot;left&quot;:&quot;&quot;,&quot;isLinked&quot;:true},&quot;caption_padding&quot;:{&quot;unit&quot;:&quot;px&quot;,&quot;top&quot;:&quot;&quot;,&quot;right&quot;:&quot;&quot;,&quot;bottom&quot;:&quot;&quot;,&quot;left&quot;:&quot;&quot;,&quot;isLinked&quot;:true},&quot;caption_padding_tablet&quot;:{&quot;unit&quot;:&quot;px&quot;,&quot;top&quot;:&quot;&quot;,&quot;right&quot;:&quot;&quot;,&quot;bottom&quot;:&quot;&quot;,&quot;left&quot;:&quot;&quot;,&quot;isLinked&quot;:true},&quot;caption_padding_mobile&quot;:{&quot;unit&quot;:&quot;px&quot;,&quot;top&quot;:&quot;&quot;,&quot;right&quot;:&quot;&quot;,&quot;bottom&quot;:&quot;&quot;,&quot;left&quot;:&quot;&quot;,&quot;isLinked&quot;:true},&quot;caption_space&quot;:{&quot;unit&quot;:&quot;px&quot;,&quot;size&quot;:0,&quot;sizes&quot;:[]},&quot;caption_space_tablet&quot;:{&quot;unit&quot;:&quot;px&quot;,&quot;size&quot;:&quot;&quot;,&quot;sizes&quot;:[]},&quot;caption_space_mobile&quot;:{&quot;unit&quot;:&quot;px&quot;,&quot;size&quot;:&quot;&quot;,&quot;sizes&quot;:[]}}\" data-widget_type=\"site-logo.default\">\n\t\t\t\t<div class=\"elementor-widget-container\">\n\t\t\t\t\t\t\t<div class=\"hfe-site-logo\">\n\t\t\t\t\t\t\t\t\t\t\t\t\t<a data-elementor-open-lightbox=\"\"  class='elementor-clickable' href=\"https:\/\/www.aum-experts.de\/\">\n\t\t\t\t\t\t\t<div class=\"hfe-site-logo-set\">           \n\t\t\t\t<div class=\"hfe-site-logo-container\">\n\t\t\t\t\t\t\t\t\t<img decoding=\"async\" class=\"hfe-site-logo-img elementor-animation-\"  src=\"https:\/\/www.aum-experts.de\/wp-content\/uploads\/2023\/02\/Logo_AUM_weiss-300x77.png\" alt=\"Logo_AUM_weiss\"\/>\n\t\t\t\t<\/div>\n\t\t\t<\/div>\n\t\t\t\t\t\t\t<\/a>\n\t\t\t\t\t\t<\/div>  \n\t\t\t\t\t\t\t<\/div>\n\t\t\t\t<\/div>\n\t\t\t\t\t<\/div>\n\t\t<\/div>\n\t\t\t\t<div class=\"elementor-column elementor-col-50 elementor-top-column elementor-element elementor-element-c658612\" data-id=\"c658612\" data-element_type=\"column\" data-e-type=\"column\">\n\t\t\t<div class=\"elementor-widget-wrap\">\n\t\t\t\t\t\t\t<\/div>\n\t\t<\/div>\n\t\t\t\t\t<\/div>\n\t\t<\/section>\n\t\t\t\t<section class=\"elementor-section elementor-top-section elementor-element elementor-element-7c48a67a elementor-section-boxed elementor-section-height-default elementor-section-height-default\" data-id=\"7c48a67a\" data-element_type=\"section\" data-e-type=\"section\">\n\t\t\t\t\t\t<div class=\"elementor-container elementor-column-gap-no\">\n\t\t\t\t\t<div class=\"elementor-column elementor-col-100 elementor-top-column elementor-element elementor-element-28847192\" data-id=\"28847192\" data-element_type=\"column\" data-e-type=\"column\">\n\t\t\t<div class=\"elementor-widget-wrap elementor-element-populated\">\n\t\t\t\t\t\t<div class=\"elementor-element elementor-element-79dd4772 elementor-widget elementor-widget-heading\" data-id=\"79dd4772\" data-element_type=\"widget\" data-e-type=\"widget\" data-widget_type=\"heading.default\">\n\t\t\t\t<div class=\"elementor-widget-container\">\n\t\t\t\t\t<h2 class=\"elementor-heading-title elementor-size-default\">Impressum<\/h2>\t\t\t\t<\/div>\n\t\t\t\t<\/div>\n\t\t\t\t<div class=\"elementor-element elementor-element-b9079f5 elementor-widget elementor-widget-text-editor\" data-id=\"b9079f5\" data-element_type=\"widget\" data-e-type=\"widget\" data-widget_type=\"text-editor.default\">\n\t\t\t\t<div class=\"elementor-widget-container\">\n\t\t\t\t\t\t\t\t\t<h3><strong>Pflichtangaben nach \u00a7 5 Telemediengesetz<\/strong><\/h3><p>\u00a0<\/p>\t\t\t\t\t\t\t\t<\/div>\n\t\t\t\t<\/div>\n\t\t\t\t<section class=\"elementor-section elementor-inner-section elementor-element elementor-element-25416a7 elementor-section-boxed elementor-section-height-default elementor-section-height-default\" data-id=\"25416a7\" data-element_type=\"section\" data-e-type=\"section\">\n\t\t\t\t\t\t<div class=\"elementor-container elementor-column-gap-default\">\n\t\t\t\t\t<div class=\"elementor-column elementor-col-50 elementor-inner-column elementor-element elementor-element-fe2f307\" data-id=\"fe2f307\" data-element_type=\"column\" data-e-type=\"column\">\n\t\t\t<div class=\"elementor-widget-wrap elementor-element-populated\">\n\t\t\t\t\t\t<div class=\"elementor-element elementor-element-7e5954c elementor-widget elementor-widget-text-editor\" data-id=\"7e5954c\" data-element_type=\"widget\" data-e-type=\"widget\" data-widget_type=\"text-editor.default\">\n\t\t\t\t<div class=\"elementor-widget-container\">\n\t\t\t\t\t\t\t\t\t<p align=\"left\">AuM Experts UG<br \/>Steingasse 18<br \/>61184 Karben<\/p><p align=\"left\">\u00a0<\/p><p align=\"left\">Diese vertreten durch:<br \/>Ulrich Althoff, Gesch\u00e4ftsf\u00fchrer<br \/>Joachim Milnik, Gesch\u00e4ftsf\u00fchrer<\/p>\t\t\t\t\t\t\t\t<\/div>\n\t\t\t\t<\/div>\n\t\t\t\t\t<\/div>\n\t\t<\/div>\n\t\t\t\t<div class=\"elementor-column elementor-col-50 elementor-inner-column elementor-element elementor-element-6650e8a\" data-id=\"6650e8a\" data-element_type=\"column\" data-e-type=\"column\">\n\t\t\t<div class=\"elementor-widget-wrap elementor-element-populated\">\n\t\t\t\t\t\t<div class=\"elementor-element elementor-element-837e9af elementor-widget elementor-widget-text-editor\" data-id=\"837e9af\" data-element_type=\"widget\" data-e-type=\"widget\" data-widget_type=\"text-editor.default\">\n\t\t\t\t<div class=\"elementor-widget-container\">\n\t\t\t\t\t\t\t\t\t<p style=\"text-align: left;\"><strong>Kontakt<\/strong><\/p><p>\u00a0<\/p><p style=\"text-align: left;\">Tel. +49 (0) 60 39. 4 67 96 99<br \/><a class=\"moz-txt-link-abbreviated\" href=\"mailto:info@AuM-experts.de\">info@AuM-experts.de<\/a><\/p><p>\u00a0<\/p><p style=\"text-align: left;\" align=\"left\">Handelsregister: HRB 127636<br \/>Umsatzsteuer-ID: DE358188845<\/p>\t\t\t\t\t\t\t\t<\/div>\n\t\t\t\t<\/div>\n\t\t\t\t\t<\/div>\n\t\t<\/div>\n\t\t\t\t\t<\/div>\n\t\t<\/section>\n\t\t\t\t<section class=\"elementor-section elementor-inner-section elementor-element elementor-element-c7b6262 elementor-section-boxed elementor-section-height-default elementor-section-height-default\" data-id=\"c7b6262\" data-element_type=\"section\" data-e-type=\"section\">\n\t\t\t\t\t\t<div class=\"elementor-container elementor-column-gap-default\">\n\t\t\t\t\t<div class=\"elementor-column elementor-col-100 elementor-inner-column elementor-element elementor-element-94e43df\" data-id=\"94e43df\" data-element_type=\"column\" data-e-type=\"column\">\n\t\t\t<div class=\"elementor-widget-wrap elementor-element-populated\">\n\t\t\t\t\t\t<div class=\"elementor-element elementor-element-f588647 elementor-widget elementor-widget-text-editor\" data-id=\"f588647\" data-element_type=\"widget\" data-e-type=\"widget\" data-widget_type=\"text-editor.default\">\n\t\t\t\t<div class=\"elementor-widget-container\">\n\t\t\t\t\t\t\t\t\t<h3><\/h3>\n<h3 style=\"text-align: left;\"><strong>Zust\u00e4ndige Aufsichtsbeh\u00f6rde f\u00fcr die T\u00e4tigkeit nach \u00a734f GewO<\/strong><\/h3>\n<p style=\"text-align: left;\">Industrie- und Handelskammer Limburg<br>\nWalderdorffstra\u00dfe 7, 65549 Limburg<br>\nTel.: +49 (0) 64 31. 21 00<br>\nFax: +49 (0) 64 31.&nbsp; 21 02 05<br>\nE-Mail: <a href=\"mailto:info@limburg.ihk.de\">info@limburg.ihk.de<\/a><\/p><p style=\"text-align: left;\"><br><\/p>\n<h3><\/h3>\n<h3 style=\"text-align: left;\"><strong>Das Register wird gef\u00fchrt bei:<\/strong><\/h3>\n<p style=\"text-align: left;\">Industrie- und Handelskammer Limburg<br>\nWalderdorffstra\u00dfe 7, 65549 Limburg<br>\nTel.: +49 (0) 64 31. 21 00<br>\nFax: +49 (0) 64 31.&nbsp; 21 02 05<br>\nE-Mail: info@limburg.ihk.de<\/p><p style=\"text-align: left;\"><br><\/p>\n<h3><\/h3>\n<h3 style=\"text-align: left;\"><strong>Angaben zur Berufs\u00adhaftpflicht\u00adversicherung<\/strong><\/h3>\n<p style=\"text-align: left;\">Name und Sitz des Versicherers:<br>\nFirma: Allianz Versicherungs-Aktiengesellschaft<br>\nAnschrift: K\u00f6niginstra\u00dfe 28, 80802 M\u00fcnchen<br>\nGeltungsraum der Versicherung: Deutschland<\/p><p style=\"text-align: left;\"><br><\/p>\n<h3><\/h3>\n<h3 style=\"text-align: left;\"><strong>Redaktionell verantwortlich<\/strong><\/h3>\n<p style=\"text-align: left;\">Ulrich Althoff<br>\nSteingasse 18<br>\n61184 Karben<br>\nTel. +49 (0) 60 39. 4 67 96 99<\/p><p style=\"text-align: left;\"><br><\/p>\n<h3><\/h3>\n<h3 style=\"text-align: left;\"><strong>EU-Streitschlichtung<\/strong><\/h3>\n<p style=\"text-align: left;\">Die Europ\u00e4ische Kommission stellt eine Plattform zur Online-Streitbeilegung (OS) bereit: https:\/\/ec.europa.eu\/consumers\/odr\/. Unsere E-Mail-Adresse finden Sie oben im Impressum.<\/p><p style=\"text-align: left;\"><br><\/p>\n<p style=\"text-align: left;\"><strong>Verbraucher\u00adstreit\u00adbeilegung\/Universal\u00adschlichtungs\u00adstelle<\/strong><\/p>\n<p style=\"text-align: left;\">Wir sind nicht bereit oder verpflichtet, an Streitbeilegungsverfahren vor einer Verbraucherschlichtungsstelle teilzunehmen.<\/p>\n<p style=\"text-align: left;\">Weitere Adressen \u00fcber Schlichtungsstellen und M\u00f6glichkeiten der au\u00dfergerichtlichen Streitbeilegung erhalten Sie bei:<br>\nBundesanstalt f\u00fcr Finanzdienstleistungsaufsicht (BAFin)<br>\nGraurheindorfer Stra\u00dfe 108<br>\n53117 Bonn<br>\n<a href=\"https:\/\/www.bafin.de\" target=\"_blank\" rel=\"noopener\">www.bafin.de<\/a><\/p><p style=\"text-align: left;\"><br><\/p>\n<h3 style=\"text-align: left;\"><\/h3>\n<p style=\"text-align: left;\"><strong>Berufsrechtliche Regelungen:<\/strong><\/p>\n<p style=\"text-align: left;\">&#8211; \u00a7 34f Gewerbeordnung (GewO)<\/p>\n<p style=\"text-align: left;\">&#8211; Verordnung \u00fcber die Finanzanlagenvermittlung (FinVermV)<\/p>\n<p style=\"text-align: left;\">Die berufsrechtlichen Regelungen k\u00f6nnen \u00fcber die vom Bundesministerium der Justiz und von der juris GmbH betriebenen Homepage <a href=\"https:\/\/www.gesetze-im-internet.de\">gesetze-im-internet.de<\/a> eingesehen und abgerufen werden.<\/p><p style=\"text-align: left;\"><br><\/p><p style=\"text-align: left;\"><br><\/p>\n<p style=\"text-align: left;\">\n<\/p>\t\t\t\t\t\t\t\t<\/div>\n\t\t\t\t<\/div>\n\t\t\t\t\t<\/div>\n\t\t<\/div>\n\t\t\t\t\t<\/div>\n\t\t<\/section>\n\t\t\t\t<div class=\"elementor-element elementor-element-85d385d elementor-widget elementor-widget-text-editor\" data-id=\"85d385d\" data-element_type=\"widget\" data-e-type=\"widget\" data-widget_type=\"text-editor.default\">\n\t\t\t\t<div class=\"elementor-widget-container\">\n\t\t\t\t\t\t\t\t\t<h3><strong>Gut beraten durch<br \/><\/strong><\/h3>\t\t\t\t\t\t\t\t<\/div>\n\t\t\t\t<\/div>\n\t\t\t\t<section class=\"elementor-section elementor-inner-section elementor-element elementor-element-9cb6632 elementor-section-boxed elementor-section-height-default elementor-section-height-default\" data-id=\"9cb6632\" data-element_type=\"section\" data-e-type=\"section\">\n\t\t\t\t\t\t<div class=\"elementor-container elementor-column-gap-default\">\n\t\t\t\t\t<div class=\"elementor-column elementor-col-50 elementor-inner-column elementor-element elementor-element-ced2902\" data-id=\"ced2902\" data-element_type=\"column\" data-e-type=\"column\">\n\t\t\t<div class=\"elementor-widget-wrap elementor-element-populated\">\n\t\t\t\t\t\t<div class=\"elementor-element elementor-element-049fbf3 elementor-widget elementor-widget-text-editor\" data-id=\"049fbf3\" data-element_type=\"widget\" data-e-type=\"widget\" data-widget_type=\"text-editor.default\">\n\t\t\t\t<div class=\"elementor-widget-container\">\n\t\t\t\t\t\t\t\t\t<p style=\"text-align: left;\"><a href=\"https:\/\/www.explodemedia.de\/\"><img decoding=\"async\" class=\"alignnone wp-image-373 size-medium\" src=\"https:\/\/www.aum-experts.de\/wp-content\/uploads\/2023\/02\/explodelogo_72dpi-300x92.png\" alt=\"\" width=\"300\" height=\"92\" srcset=\"https:\/\/www.aum-experts.de\/wp-content\/uploads\/2023\/02\/explodelogo_72dpi-300x92.png 300w, https:\/\/www.aum-experts.de\/wp-content\/uploads\/2023\/02\/explodelogo_72dpi-1024x315.png 1024w, https:\/\/www.aum-experts.de\/wp-content\/uploads\/2023\/02\/explodelogo_72dpi-768x236.png 768w, https:\/\/www.aum-experts.de\/wp-content\/uploads\/2023\/02\/explodelogo_72dpi-1536x472.png 1536w, https:\/\/www.aum-experts.de\/wp-content\/uploads\/2023\/02\/explodelogo_72dpi-1568x482.png 1568w, https:\/\/www.aum-experts.de\/wp-content\/uploads\/2023\/02\/explodelogo_72dpi.png 1902w\" sizes=\"(max-width: 300px) 100vw, 300px\" \/><\/a><\/p>\t\t\t\t\t\t\t\t<\/div>\n\t\t\t\t<\/div>\n\t\t\t\t\t<\/div>\n\t\t<\/div>\n\t\t\t\t<div class=\"elementor-column elementor-col-50 elementor-inner-column elementor-element elementor-element-67b2b1d\" data-id=\"67b2b1d\" data-element_type=\"column\" data-e-type=\"column\">\n\t\t\t<div class=\"elementor-widget-wrap elementor-element-populated\">\n\t\t\t\t\t\t<div class=\"elementor-element elementor-element-553fa60 elementor-widget elementor-widget-text-editor\" data-id=\"553fa60\" data-element_type=\"widget\" data-e-type=\"widget\" data-widget_type=\"text-editor.default\">\n\t\t\t\t<div class=\"elementor-widget-container\">\n\t\t\t\t\t\t\t\t\t<p style=\"text-align: left;\">W E R B E A G E N T U R<\/p><p style=\"text-align: left;\"><strong>explodemedia | visuelle kommunikation<\/strong><\/p><p style=\"text-align: left;\"><br \/>Andere Ansichten. Bessere Aussichten.<br \/><a href=\"http:\/\/www.explodemedia.de\">explodemedia.de<\/a><\/p>\t\t\t\t\t\t\t\t<\/div>\n\t\t\t\t<\/div>\n\t\t\t\t\t<\/div>\n\t\t<\/div>\n\t\t\t\t\t<\/div>\n\t\t<\/section>\n\t\t\t\t\t<\/div>\n\t\t<\/div>\n\t\t\t\t\t<\/div>\n\t\t<\/section>\n\t\t\t\t<\/div>\n\t\t","protected":false},"excerpt":{"rendered":"<p>Impressum Pflichtangaben nach \u00a7 5 Telemediengesetz \u00a0 AuM Experts UGSteingasse 1861184 Karben \u00a0 Diese vertreten durch:Ulrich Althoff, Gesch\u00e4ftsf\u00fchrerJoachim Milnik, Gesch\u00e4ftsf\u00fchrer Kontakt \u00a0 Tel. +49 (0) 60 39. 4 67 96 99info@AuM-experts.de \u00a0 Handelsregister: HRB 127636Umsatzsteuer-ID: DE358188845 Zust\u00e4ndige Aufsichtsbeh\u00f6rde f\u00fcr die T\u00e4tigkeit nach \u00a734f GewO Industrie- und Handelskammer Limburg Walderdorffstra\u00dfe 7, 65549 Limburg Tel.: +49 (0)&hellip; <a class=\"more-link\" href=\"https:\/\/www.aum-experts.de\/index.php\/impressum\/\"><span class=\"screen-reader-text\">Impressum<\/span> weiterlesen<\/a><\/p>\n","protected":false},"author":1,"featured_media":0,"parent":0,"menu_order":0,"comment_status":"closed","ping_status":"closed","template":"elementor_header_footer","meta":{"footnotes":""},"class_list":["post-239","page","type-page","status-publish","hentry","entry"],"_links":{"self":[{"href":"https:\/\/www.aum-experts.de\/index.php\/wp-json\/wp\/v2\/pages\/239","targetHints":{"allow":["GET"]}}],"collection":[{"href":"https:\/\/www.aum-experts.de\/index.php\/wp-json\/wp\/v2\/pages"}],"about":[{"href":"https:\/\/www.aum-experts.de\/index.php\/wp-json\/wp\/v2\/types\/page"}],"author":[{"embeddable":true,"href":"https:\/\/www.aum-experts.de\/index.php\/wp-json\/wp\/v2\/users\/1"}],"replies":[{"embeddable":true,"href":"https:\/\/www.aum-experts.de\/index.php\/wp-json\/wp\/v2\/comments?post=239"}],"version-history":[{"count":167,"href":"https:\/\/www.aum-experts.de\/index.php\/wp-json\/wp\/v2\/pages\/239\/revisions"}],"predecessor-version":[{"id":986,"href":"https:\/\/www.aum-experts.de\/index.php\/wp-json\/wp\/v2\/pages\/239\/revisions\/986"}],"wp:attachment":[{"href":"https:\/\/www.aum-experts.de\/index.php\/wp-json\/wp\/v2\/media?parent=239"}],"curies":[{"name":"wp","href":"https:\/\/api.w.org\/{rel}","templated":true}]}}